{"id":14836,"date":"2025-07-21T15:35:04","date_gmt":"2025-07-21T15:35:04","guid":{"rendered":"https:\/\/kelvinlab.com\/?page_id=14836"},"modified":"2025-10-29T19:39:16","modified_gmt":"2025-10-29T19:39:16","slug":"nosotros","status":"publish","type":"page","link":"https:\/\/kelvinlab.com\/en\/nosotros\/","title":{"rendered":"Nosotros"},"content":{"rendered":"<style type=\"text\/css\" data-created_by=\"avia_inline_auto\" id=\"style-css-av-mhaqobwa-7d0e275e00d3962ff0e3c09294db7745\">\n.avia-section.av-mhaqobwa-7d0e275e00d3962ff0e3c09294db7745{\nbackground-repeat:no-repeat;\nbackground-image:url(https:\/\/kelvinlab.com\/wp-content\/uploads\/2025\/10\/unnamed-scaled.jpg);\nbackground-position:50% 50%;\nbackground-attachment:scroll;\n}\n<\/style>\n<div id='av_section_1'  class='avia-section av-mhaqobwa-7d0e275e00d3962ff0e3c09294db7745 main_color avia-section-default avia-no-border-styling  avia-builder-el-0  el_before_av_one_third  avia-builder-el-first  avia-full-stretch avia-bg-style-scroll container_wrap sidebar_right'  data-section-bg-repeat='stretch'><div class='container av-section-cont-open' ><main  role=\"main\" itemprop=\"mainContentOfPage\"  class='template-page content  av-content-small alpha units'><div class='post-entry post-entry-type-page post-entry-14836'><div class='entry-content-wrapper clearfix'>\n<div  class='flex_column av-1pzl92s-7cf2b6689d11d9695700d6acdb6cfb23 av_one_full  avia-builder-el-1  avia-builder-el-no-sibling  first flex_column_div'     ><p>\n<style type=\"text\/css\" data-created_by=\"avia_inline_auto\" id=\"style-css-av-1aarbh0-84ac9718bbf036ff3766dbeaf02a7a4c\">\n#top .hr.hr-invisible.av-1aarbh0-84ac9718bbf036ff3766dbeaf02a7a4c{\nheight:150px;\n}\n<\/style>\n<div  class='hr av-1aarbh0-84ac9718bbf036ff3766dbeaf02a7a4c hr-invisible  avia-builder-el-2  el_before_av_heading  avia-builder-el-first'><span class='hr-inner'><span class=\"hr-inner-style\"><\/span><\/span><\/div><br \/>\n\n<style type=\"text\/css\" data-created_by=\"avia_inline_auto\" id=\"style-css-av-mhaqpk6d-b4a50afc27b25a4724b28b5bb4316401\">\n#top .av-special-heading.av-mhaqpk6d-b4a50afc27b25a4724b28b5bb4316401{\npadding-bottom:10px;\ncolor:#ffffff;\nfont-size:48px;\n}\nbody .av-special-heading.av-mhaqpk6d-b4a50afc27b25a4724b28b5bb4316401 .av-special-heading-tag .heading-char{\nfont-size:25px;\n}\n#top #wrap_all .av-special-heading.av-mhaqpk6d-b4a50afc27b25a4724b28b5bb4316401 .av-special-heading-tag{\nfont-size:48px;\n}\n.av-special-heading.av-mhaqpk6d-b4a50afc27b25a4724b28b5bb4316401 .special-heading-inner-border{\nborder-color:#ffffff;\n}\n.av-special-heading.av-mhaqpk6d-b4a50afc27b25a4724b28b5bb4316401 .av-subheading{\nfont-size:15px;\n}\n\n@media only screen and (min-width: 480px) and (max-width: 767px){ \n#top #wrap_all .av-special-heading.av-mhaqpk6d-b4a50afc27b25a4724b28b5bb4316401 .av-special-heading-tag{\nfont-size:0.8em;\n}\n}\n\n@media only screen and (max-width: 479px){ \n#top #wrap_all .av-special-heading.av-mhaqpk6d-b4a50afc27b25a4724b28b5bb4316401 .av-special-heading-tag{\nfont-size:0.8em;\n}\n}\n<\/style>\n<div  class='av-special-heading av-mhaqpk6d-b4a50afc27b25a4724b28b5bb4316401 av-special-heading-h1 custom-color-heading blockquote modern-quote modern-centered  avia-builder-el-3  el_after_av_hr  el_before_av_hr  av-inherit-size'><h1 class='av-special-heading-tag'  itemprop=\"headline\"  ><\/p>\n<h1 style=\"font-size: 48px; color: white; font-family: static; text-transform: none; letter-spacing: 0.02em !important;\">\u00bfQui\u00e9nes somos?<\/h1>\n<p><\/h1><div class=\"special-heading-border\"><div class=\"special-heading-inner-border\"><\/div><\/div><\/div><br \/>\n\n<style type=\"text\/css\" data-created_by=\"avia_inline_auto\" id=\"style-css-av-ipbfh0-34fa6b74f4470112742a1b09a0854e07\">\n#top .hr.hr-invisible.av-ipbfh0-34fa6b74f4470112742a1b09a0854e07{\nheight:150px;\n}\n<\/style>\n<div  class='hr av-ipbfh0-34fa6b74f4470112742a1b09a0854e07 hr-invisible  avia-builder-el-4  el_after_av_heading  avia-builder-el-last'><span class='hr-inner'><span class=\"hr-inner-style\"><\/span><\/span><\/div><\/p><\/div>\n<\/div><\/div><\/main><!-- close content main element --><\/div><\/div><div id='after_section_1'  class='main_color av_default_container_wrap container_wrap sidebar_right'  ><div class='container av-section-cont-open' ><div class='template-page content  av-content-small alpha units'><div class='post-entry post-entry-type-page post-entry-14836'><div class='entry-content-wrapper clearfix'>\n<div  class='flex_column av-1kyw6z8-b50113e856950a636e53138f7f33bf4d av_one_third  avia-builder-el-5  el_after_av_section  el_before_av_one_third  avia-builder-el-first  first flex_column_div'     ><\/div>\n<div  class='flex_column av-4nyp78-a8a37a49b3f737325d22da6319b4305e av_one_third  avia-builder-el-6  el_after_av_one_third  el_before_av_one_third  flex_column_div'     ><style type=\"text\/css\" data-created_by=\"avia_inline_auto\" id=\"style-css-av-mhaqr8hh-43829e03880dc8b41043baf16511a670\">\n.avia-image-container.av-mhaqr8hh-43829e03880dc8b41043baf16511a670 img.avia_image{\nbox-shadow:none;\n}\n.avia-image-container.av-mhaqr8hh-43829e03880dc8b41043baf16511a670 .av-image-caption-overlay-center{\ncolor:#ffffff;\n}\n<\/style>\n<div  class='avia-image-container av-mhaqr8hh-43829e03880dc8b41043baf16511a670 av-styling- avia-align-center  avia-builder-el-7  avia-builder-el-no-sibling'   itemprop=\"image\" itemscope=\"itemscope\" itemtype=\"https:\/\/schema.org\/ImageObject\" ><div class=\"avia-image-container-inner\"><div class=\"avia-image-overlay-wrap\"><img decoding=\"async\" fetchpriority=\"high\" class='wp-image-14894 avia-img-lazy-loading-not-14894 avia_image' src=\"https:\/\/kelvinlab.com\/wp-content\/uploads\/2025\/07\/KD-Kelvin-Logo-MenuWeb-01.png\" alt='' title='KD-Kelvin-Logo-MenuWeb-01'  height=\"660\" width=\"1516\"  itemprop=\"thumbnailUrl\" srcset=\"https:\/\/kelvinlab.com\/wp-content\/uploads\/2025\/07\/KD-Kelvin-Logo-MenuWeb-01.png 1516w, https:\/\/kelvinlab.com\/wp-content\/uploads\/2025\/07\/KD-Kelvin-Logo-MenuWeb-01-300x131.png 300w, https:\/\/kelvinlab.com\/wp-content\/uploads\/2025\/07\/KD-Kelvin-Logo-MenuWeb-01-1030x448.png 1030w, https:\/\/kelvinlab.com\/wp-content\/uploads\/2025\/07\/KD-Kelvin-Logo-MenuWeb-01-768x334.png 768w, https:\/\/kelvinlab.com\/wp-content\/uploads\/2025\/07\/KD-Kelvin-Logo-MenuWeb-01-1500x653.png 1500w, https:\/\/kelvinlab.com\/wp-content\/uploads\/2025\/07\/KD-Kelvin-Logo-MenuWeb-01-705x307.png 705w\" sizes=\"(max-width: 1516px) 100vw, 1516px\" \/><\/div><\/div><\/div><\/div>\n<div  class='flex_column av-k2jz78-db43effdd9fe6da56c070b00c46efc52 av_one_third  avia-builder-el-8  el_after_av_one_third  el_before_av_one_full  flex_column_div'     ><\/div>\n<div  class='flex_column av-sj9mlw-eaaa6085cc343141b0190d9524f3f450 av_one_full  avia-builder-el-9  el_after_av_one_third  el_before_av_hr  first flex_column_div  column-top-margin'     ><style type=\"text\/css\" data-created_by=\"avia_inline_auto\" id=\"style-css-av-mhaqvgv3-b4c80727ad278c8ccec1dd2643bd8655\">\n\n@media only screen and (min-width: 480px) and (max-width: 767px){ \n#top .av_textblock_section.av-mhaqvgv3-b4c80727ad278c8ccec1dd2643bd8655 .avia_textblock{\nfont-size:13px;\n}\n}\n\n@media only screen and (max-width: 479px){ \n#top .av_textblock_section.av-mhaqvgv3-b4c80727ad278c8ccec1dd2643bd8655 .avia_textblock{\nfont-size:13px;\n}\n}\n<\/style>\n<section  class='av_textblock_section av-mhaqvgv3-b4c80727ad278c8ccec1dd2643bd8655'   itemscope=\"itemscope\" itemtype=\"https:\/\/schema.org\/CreativeWork\" ><div class='av-small-hide av-mini-hide avia_textblock'  itemprop=\"text\" ><p style=\"text-align: center; font-family: static; font-size: 13px!important;\">En Kelvin Servicios M\u00e9dicos contamos con un personal altamente calificado, infraestructura de primera calidad<br \/>\ny las certificaciones que dan cumplimiento al marco legal y a los est\u00e1ndares internacionales para los mercados<br \/>\nglobalizados de hoy en d\u00eda.<\/p>\n<\/div><\/section><br \/>\n\n<style type=\"text\/css\" data-created_by=\"avia_inline_auto\" id=\"style-css-av-mhb5gc3y-405438a925ae2be7f968c9e6ab272d48\">\n\n@media only screen and (min-width: 480px) and (max-width: 767px){ \n#top .av_textblock_section.av-mhb5gc3y-405438a925ae2be7f968c9e6ab272d48 .avia_textblock{\nfont-size:13px;\n}\n}\n\n@media only screen and (max-width: 479px){ \n#top .av_textblock_section.av-mhb5gc3y-405438a925ae2be7f968c9e6ab272d48 .avia_textblock{\nfont-size:13px;\n}\n}\n<\/style>\n<section  class='av_textblock_section av-mhb5gc3y-405438a925ae2be7f968c9e6ab272d48'   itemscope=\"itemscope\" itemtype=\"https:\/\/schema.org\/CreativeWork\" ><div class='av-desktop-hide av-medium-hide avia_textblock'  itemprop=\"text\" ><p style=\"text-align: center; font-family: static; font-size: 13px!important;\">En Kelvin Servicios M\u00e9dicos contamos con un personal altamente calificado, infraestructura de primera calidad y las certificaciones que dan cumplimiento al marco legal y a los est\u00e1ndares internacionales para los mercados globalizados de hoy en d\u00eda.<\/p>\n<\/div><\/section><\/p><\/div>\n\n<style type=\"text\/css\" data-created_by=\"avia_inline_auto\" id=\"style-css-av-mharxhw0-e608ffe8e473125c775477ec517b3942\">\n#top .hr.hr-invisible.av-mharxhw0-e608ffe8e473125c775477ec517b3942{\nheight:25px;\n}\n<\/style>\n<div  class='hr av-mharxhw0-e608ffe8e473125c775477ec517b3942 hr-invisible  avia-builder-el-12  el_after_av_one_full  el_before_av_one_half'><span class='hr-inner'><span class=\"hr-inner-style\"><\/span><\/span><\/div>\n<div class='flex_column_table av-19xu7n8-e00ced1050bacc8ffdb5c277467c23cc sc-av_one_half av-equal-height-column-flextable'>\n<style type=\"text\/css\" data-created_by=\"avia_inline_auto\" id=\"style-css-av-19xu7n8-e00ced1050bacc8ffdb5c277467c23cc\">\n.flex_column.av-19xu7n8-e00ced1050bacc8ffdb5c277467c23cc{\nwidth:49.75%;\nmargin-left:0;\nbackground-color:#1e4a89;\n}\n#top .flex_column_table.av-equal-height-column-flextable.av-19xu7n8-e00ced1050bacc8ffdb5c277467c23cc .av-flex-placeholder{\nwidth:0.5%;\n}\n<\/style>\n<div  class='flex_column av-19xu7n8-e00ced1050bacc8ffdb5c277467c23cc av_one_half  avia-builder-el-13  el_after_av_hr  el_before_av_one_half  first flex_column_table_cell av-equal-height-column av-align-top'     ><p>\n<style type=\"text\/css\" data-created_by=\"avia_inline_auto\" id=\"style-css-av-ivic5w-cfce14e6381f990b55f288bf45cde974\">\n#top .av_textblock_section.av-ivic5w-cfce14e6381f990b55f288bf45cde974 .avia_textblock{\ncolor:#ffffff;\n}\n<\/style>\n<section  class='av_textblock_section av-ivic5w-cfce14e6381f990b55f288bf45cde974'   itemscope=\"itemscope\" itemtype=\"https:\/\/schema.org\/CreativeWork\" ><div class='avia_textblock av_inherit_color'  itemprop=\"text\" ><p><img loading=\"lazy\" decoding=\"async\" class=\"alignnone size-full wp-image-15503 aligncenter\" src=\"https:\/\/kelvinlab.com\/wp-content\/uploads\/2025\/10\/Mision.png\" alt=\"\" width=\"100\" height=\"100\" srcset=\"https:\/\/kelvinlab.com\/wp-content\/uploads\/2025\/10\/Mision.png 512w, https:\/\/kelvinlab.com\/wp-content\/uploads\/2025\/10\/Mision-300x300.png 300w, https:\/\/kelvinlab.com\/wp-content\/uploads\/2025\/10\/Mision-80x80.png 80w, https:\/\/kelvinlab.com\/wp-content\/uploads\/2025\/10\/Mision-12x12.png 12w, https:\/\/kelvinlab.com\/wp-content\/uploads\/2025\/10\/Mision-36x36.png 36w, https:\/\/kelvinlab.com\/wp-content\/uploads\/2025\/10\/Mision-180x180.png 180w\" sizes=\"auto, (max-width: 100px) 100vw, 100px\" \/><\/p>\n<p style=\"text-align: center; font-size: 25px; font-weight: bold; font-family: static;\">Misi\u00f3n<\/p>\n<p style=\"text-align: center; font-family: static;\">L\u00edderes en ex\u00e1menes m\u00e9dicos de<br \/>\nadmisi\u00f3n en Nuevo Le\u00f3n, nuestros<br \/>\nempleados trabajan d\u00eda d\u00eda para<br \/>\nproveer el mejor servicio a nuestros<br \/>\nclientes y sus empleados para tomar<br \/>\nlas mejores decisiones en sus<br \/>\nprocesos de contrataci\u00f3n de<br \/>\npersonal y de salud.<\/p>\n<\/div><\/section><br \/>\n\n<style type=\"text\/css\" data-created_by=\"avia_inline_auto\" id=\"style-css-av-mhas4iic-56c0c8c2a387c4024643f318c97d3c8c\">\n#top .hr.hr-invisible.av-mhas4iic-56c0c8c2a387c4024643f318c97d3c8c{\nheight:20px;\n}\n<\/style>\n<div  class='hr av-mhas4iic-56c0c8c2a387c4024643f318c97d3c8c hr-invisible  avia-builder-el-15  el_after_av_textblock  avia-builder-el-last'><span class='hr-inner'><span class=\"hr-inner-style\"><\/span><\/span><\/div><\/p><\/div><div class='av-flex-placeholder'><\/div>\n<style type=\"text\/css\" data-created_by=\"avia_inline_auto\" id=\"style-css-av-mharaezf-5ffeb64038c50714563fa091e4064e00\">\n.flex_column.av-mharaezf-5ffeb64038c50714563fa091e4064e00{\nwidth:49.75%;\nmargin-left:0;\nbackground-color:#64b3e3;\n}\n#top .flex_column_table.av-equal-height-column-flextable.av-mharaezf-5ffeb64038c50714563fa091e4064e00 .av-flex-placeholder{\nwidth:0.5%;\n}\n<\/style>\n<div  class='flex_column av-mharaezf-5ffeb64038c50714563fa091e4064e00 av_one_half  avia-builder-el-16  el_after_av_one_half  el_before_av_hr  flex_column_table_cell av-equal-height-column av-align-top'     ><p>\n<style type=\"text\/css\" data-created_by=\"avia_inline_auto\" id=\"style-css-av-mhar2zgg-4a21548a47d3e855c6830eefac4fb52d\">\n#top .av_textblock_section.av-mhar2zgg-4a21548a47d3e855c6830eefac4fb52d .avia_textblock{\ncolor:#ffffff;\n}\n<\/style>\n<section  class='av_textblock_section av-mhar2zgg-4a21548a47d3e855c6830eefac4fb52d'   itemscope=\"itemscope\" itemtype=\"https:\/\/schema.org\/CreativeWork\" ><div class='avia_textblock av_inherit_color'  itemprop=\"text\" ><p><img loading=\"lazy\" decoding=\"async\" class=\"wp-image-15504 aligncenter\" src=\"https:\/\/kelvinlab.com\/wp-content\/uploads\/2025\/10\/Vision-300x300.png\" alt=\"\" width=\"100\" height=\"100\" srcset=\"https:\/\/kelvinlab.com\/wp-content\/uploads\/2025\/10\/Vision-300x300.png 300w, https:\/\/kelvinlab.com\/wp-content\/uploads\/2025\/10\/Vision-80x80.png 80w, https:\/\/kelvinlab.com\/wp-content\/uploads\/2025\/10\/Vision-12x12.png 12w, https:\/\/kelvinlab.com\/wp-content\/uploads\/2025\/10\/Vision-36x36.png 36w, https:\/\/kelvinlab.com\/wp-content\/uploads\/2025\/10\/Vision-180x180.png 180w, https:\/\/kelvinlab.com\/wp-content\/uploads\/2025\/10\/Vision.png 512w\" sizes=\"auto, (max-width: 100px) 100vw, 100px\" \/><\/p>\n<p style=\"text-align: center; font-size: 25px; font-weight: bold; font-family: static;\">Visi\u00f3n<\/p>\n<p style=\"text-align: center; font-family: static;\">Potenciar mejores procesos de<br \/>\ncontrataci\u00f3n con conocimientos de<br \/>\ndiagn\u00f3stico de salud.<br \/>\nImpulsando y priorizando la salud de<br \/>\nsus colaboradores.<\/p>\n<\/div><\/section><br \/>\n\n<style type=\"text\/css\" data-created_by=\"avia_inline_auto\" id=\"style-css-av-lef88k-8bff696c392719a88d2e17821931efa7\">\n#top .hr.hr-invisible.av-lef88k-8bff696c392719a88d2e17821931efa7{\nheight:20px;\n}\n<\/style>\n<div  class='hr av-lef88k-8bff696c392719a88d2e17821931efa7 hr-invisible  avia-builder-el-18  el_after_av_textblock  avia-builder-el-last'><span class='hr-inner'><span class=\"hr-inner-style\"><\/span><\/span><\/div><\/p><\/div><\/div><!--close column table wrapper. Autoclose: 1 -->\n<style type=\"text\/css\" data-created_by=\"avia_inline_auto\" id=\"style-css-av-vpgkfo-a9415d8475e9a2cda46c43df80908a1e\">\n#top .hr.hr-invisible.av-vpgkfo-a9415d8475e9a2cda46c43df80908a1e{\nheight:100px;\n}\n<\/style>\n<div  class='hr av-vpgkfo-a9415d8475e9a2cda46c43df80908a1e hr-invisible  avia-builder-el-19  el_after_av_one_half  el_before_av_one_full'><span class='hr-inner'><span class=\"hr-inner-style\"><\/span><\/span><\/div><\/p>\n<div  class='flex_column av-12phct0-ec5e06ad60bac175dfe61c98d16806a1 av_one_full  avia-builder-el-20  el_after_av_hr  el_before_av_one_full  first flex_column_div'     ><section  class='av_textblock_section av-kppqms-b8ccb9eb00f4c4ccf062b9976d5b3569'   itemscope=\"itemscope\" itemtype=\"https:\/\/schema.org\/CreativeWork\" ><div class='avia_textblock'  itemprop=\"text\" ><p style=\"text-align: center; font-size: 45px; font-weight: bold; font-family: static;\">Nuestros Clientes<\/p>\n<p style=\"text-align: center; font-family: static;\">En Kelvin nuestros clientes son muy importantes y agradecemos la confianza de contratar nuestros servicios<\/p>\n<\/div><\/section><\/div>\n<div  class='flex_column av-waybdg-f6fdc4e088b945a6bf94c021df6bf3ec av_one_full  avia-builder-el-22  el_after_av_one_full  avia-builder-el-last  first flex_column_div  column-top-margin'     ><style type=\"text\/css\" data-created_by=\"avia_inline_auto\" id=\"style-css-av-mem1tvss-09bf5c2df7dae8f429aed02fabc3b7d9\">\n.avia-image-container.av-mem1tvss-09bf5c2df7dae8f429aed02fabc3b7d9 img.avia_image{\nbox-shadow:none;\n}\n.avia-image-container.av-mem1tvss-09bf5c2df7dae8f429aed02fabc3b7d9 .av-image-caption-overlay-center{\ncolor:#ffffff;\n}\n<\/style>\n<div  class='avia-image-container av-mem1tvss-09bf5c2df7dae8f429aed02fabc3b7d9 av-styling- avia-align-center  avia-builder-el-23  avia-builder-el-no-sibling'   itemprop=\"image\" itemscope=\"itemscope\" itemtype=\"https:\/\/schema.org\/ImageObject\" ><div class=\"avia-image-container-inner\"><div class=\"avia-image-overlay-wrap\"><img decoding=\"async\" fetchpriority=\"high\" class='wp-image-15183 avia-img-lazy-loading-not-15183 avia_image' src=\"https:\/\/kelvinlab.com\/wp-content\/uploads\/2025\/08\/Plantilla-Clientes-Kelvin.png\" alt='' title=''  height=\"694\" width=\"1234\"  itemprop=\"thumbnailUrl\" srcset=\"https:\/\/kelvinlab.com\/wp-content\/uploads\/2025\/08\/Plantilla-Clientes-Kelvin.png 1234w, https:\/\/kelvinlab.com\/wp-content\/uploads\/2025\/08\/Plantilla-Clientes-Kelvin-300x169.png 300w, https:\/\/kelvinlab.com\/wp-content\/uploads\/2025\/08\/Plantilla-Clientes-Kelvin-1030x579.png 1030w, https:\/\/kelvinlab.com\/wp-content\/uploads\/2025\/08\/Plantilla-Clientes-Kelvin-768x432.png 768w, https:\/\/kelvinlab.com\/wp-content\/uploads\/2025\/08\/Plantilla-Clientes-Kelvin-705x396.png 705w\" sizes=\"(max-width: 1234px) 100vw, 1234px\" \/><\/div><\/div><\/div><\/div>","protected":false},"excerpt":{"rendered":"","protected":false},"author":1,"featured_media":0,"parent":0,"menu_order":0,"comment_status":"closed","ping_status":"closed","template":"","meta":{"pagelayer_contact_templates":[],"_pagelayer_content":"","footnotes":""},"class_list":["post-14836","page","type-page","status-publish","hentry"],"_links":{"self":[{"href":"https:\/\/kelvinlab.com\/en\/wp-json\/wp\/v2\/pages\/14836","targetHints":{"allow":["GET"]}}],"collection":[{"href":"https:\/\/kelvinlab.com\/en\/wp-json\/wp\/v2\/pages"}],"about":[{"href":"https:\/\/kelvinlab.com\/en\/wp-json\/wp\/v2\/types\/page"}],"author":[{"embeddable":true,"href":"https:\/\/kelvinlab.com\/en\/wp-json\/wp\/v2\/users\/1"}],"replies":[{"embeddable":true,"href":"https:\/\/kelvinlab.com\/en\/wp-json\/wp\/v2\/comments?post=14836"}],"version-history":[{"count":55,"href":"https:\/\/kelvinlab.com\/en\/wp-json\/wp\/v2\/pages\/14836\/revisions"}],"predecessor-version":[{"id":15536,"href":"https:\/\/kelvinlab.com\/en\/wp-json\/wp\/v2\/pages\/14836\/revisions\/15536"}],"wp:attachment":[{"href":"https:\/\/kelvinlab.com\/en\/wp-json\/wp\/v2\/media?parent=14836"}],"curies":[{"name":"wp","href":"https:\/\/api.w.org\/{rel}","templated":true}]}}